{"id":1176,"date":"2026-03-25T15:13:46","date_gmt":"2026-03-25T15:13:46","guid":{"rendered":"https:\/\/garazigeri.com\/mentions-legales\/"},"modified":"2026-03-25T15:20:24","modified_gmt":"2026-03-25T15:20:24","slug":"lege-oharrak","status":"publish","type":"page","link":"https:\/\/garazigeri.com\/eu\/lege-oharrak\/","title":{"rendered":"Lege oharrak"},"content":{"rendered":"\t\t<div data-elementor-type=\"wp-page\" data-elementor-id=\"1176\" class=\"elementor elementor-1176 elementor-1169\" data-elementor-post-type=\"page\">\n\t\t\t\t<div class=\"elementor-element elementor-element-7b14947 e-flex e-con-boxed e-con e-parent\" data-id=\"7b14947\" data-element_type=\"container\" data-e-type=\"container\">\n\t\t\t\t\t<div class=\"e-con-inner\">\n\t\t\t\t<div class=\"elementor-element elementor-element-cc698aa elementor-widget elementor-widget-text-editor\" data-id=\"cc698aa\" data-element_type=\"widget\" data-e-type=\"widget\" data-widget_type=\"text-editor.default\">\n\t\t\t\t\t\t\t\t\t<h2><span id=\"lwptoc20\">1 &#8211; \u00c9dition du site<\/span><\/h2><p>En vertu de\u00a0<a href=\"https:\/\/www.legifrance.gouv.fr\/affichTexte.do?cidTexte=JORFTEXT000000801164#LEGIARTI000042038977\" target=\"_blank\" rel=\"noreferrer noopener\">l&#8217;article 6 de la loi n\u00b0 2004-575 du 21 juin 2004<\/a>\u00a0pour la confiance dans l&#8217;\u00e9conomie num\u00e9rique, il est pr\u00e9cis\u00e9 aux utilisateurs du site internet\u00a0<strong><span class=\"ff_dynamic_value\" data-ref=\"url\" data-fallback=\"\">www.garazigeri.com<\/span><\/strong>\u00a0l&#8217;identit\u00e9 des diff\u00e9rents intervenants dans le cadre de sa r\u00e9alisation et de son suivi:<\/p><p><strong>Propri\u00e9taire du site :\u00a0<\/strong><span class=\"ff_dynamic_value\" data-ref=\"nom_proprietaire\" data-fallback=\"\">Association Garaz&#8217;igeri<\/span> <br \/>Contact :\u00a0<span class=\"ff_dynamic_value\" data-ref=\"e_mail_contact\" data-fallback=\"\">clubgarazigeri@gmail.com<br \/><\/span>Adresse : <span class=\"ff_dynamic_value\" data-ref=\"adresse_postale\" data-fallback=\"\">Garaz&#8217;igeri<br \/>Rue du Jai Alai<br \/>64220 Saint-Jean-Pied-de-Port<\/span>.<\/p><p><strong>Directeur de la publication :\u00a0<\/strong>&#8211; Contact : Maite Larre<\/p><p><strong>H\u00e9bergeur :<\/strong>\u00a0<span class=\"ff_dynamic_value\" data-ref=\"hebergeur\" data-fallback=\"\">OVH SAS &#8211; 2 rue Kellermann &#8211; BP 80157 &#8211; 59053 Roubaix Cedex 1 &#8211; T\u00e9l\u00e9phone : 1007<\/span><\/p><p><strong>D\u00e9l\u00e9gu\u00e9 \u00e0 la protection des donn\u00e9es :\u00a0<\/strong><span class=\"ff_dynamic_value\" data-ref=\"dpo\" data-fallback=\"\">Maite Larre<\/span><\/p><p>\u00a0<\/p><hr class=\"wp-block-separator\" \/><h2><span id=\"lwptoc21\">2 &#8211; Propri\u00e9t\u00e9 intellectuelle et contrefa\u00e7ons.<\/span><\/h2><p><strong><span class=\"ff_dynamic_value\" data-ref=\"nom_proprietaire\" data-fallback=\"\">Association Garaz&#8217;igeri<\/span><\/strong>\u00a0est propri\u00e9taire des droits de propri\u00e9t\u00e9 intellectuelle et d\u00e9tient les droits d\u2019usage sur tous les \u00e9l\u00e9ments accessibles sur le site internet, notamment les textes, images, graphismes, logos, vid\u00e9os, architecture, ic\u00f4nes et sons.<\/p><p>Toute reproduction, repr\u00e9sentation, modification, publication, adaptation de tout ou partie des \u00e9l\u00e9ments du site, quel que soit le moyen ou le proc\u00e9d\u00e9 utilis\u00e9, est interdite, sauf autorisation \u00e9crite pr\u00e9alable de\u00a0<strong><span class=\"ff_dynamic_value\" data-ref=\"nom_proprietaire\" data-fallback=\"\">Association Garaz&#8217;igeri<\/span><\/strong>.<\/p><p>Toute exploitation non autoris\u00e9e du site ou de l\u2019un quelconque des \u00e9l\u00e9ments qu\u2019il contient sera consid\u00e9r\u00e9e comme constitutive d\u2019une contrefa\u00e7on et poursuivie conform\u00e9ment aux dispositions des articles\u00a0<a href=\"https:\/\/www.legifrance.gouv.fr\/affichCodeArticle.do?idArticle=LEGIARTI000032655082&amp;cidTexte=LEGITEXT000006069414&amp;dateTexte=20160605\" target=\"_blank\" rel=\"noreferrer nofollow noopener\">L.335-2 et suivants du Code de Propri\u00e9t\u00e9 Intellectuelle<\/a>.<\/p><hr class=\"wp-block-separator\" \/><h2><span id=\"lwptoc22\">3 &#8211; Limitations de responsabilit\u00e9.<\/span><\/h2><p><strong><span class=\"ff_dynamic_value\" data-ref=\"nom_proprietaire\" data-fallback=\"\">Association Garaz&#8217;igeri<\/span><\/strong> ne pourra \u00eatre tenu pour responsable des dommages directs et indirects caus\u00e9s au mat\u00e9riel de l\u2019utilisateur, lors de l\u2019acc\u00e8s au site <strong><span class=\"ff_dynamic_value\" data-ref=\"url\" data-fallback=\"\">www.garazigeri.com<\/span><\/strong>.<\/p><p><strong><span class=\"ff_dynamic_value\" data-ref=\"nom_proprietaire\" data-fallback=\"\">Association Garaz&#8217;igeri<\/span><\/strong> d\u00e9cline toute responsabilit\u00e9 quant \u00e0 l\u2019utilisation qui pourrait \u00eatre faite des informations et contenus pr\u00e9sents sur <strong><span class=\"ff_dynamic_value\" data-ref=\"url\" data-fallback=\"\">www.garazigeri.com<\/span><\/strong><\/p><p><strong><span class=\"ff_dynamic_value\" data-ref=\"nom_proprietaire\" data-fallback=\"\">Association Garaz&#8217;igeri<\/span><\/strong> s\u2019engage \u00e0 s\u00e9curiser au mieux le site <strong><span class=\"ff_dynamic_value\" data-ref=\"url\" data-fallback=\"\">www.garazigeri.com<\/span><\/strong>, cependant sa responsabilit\u00e9 ne pourra \u00eatre mise en cause si des donn\u00e9es ind\u00e9sirables sont import\u00e9es et install\u00e9es sur son site \u00e0 son insu.<\/p><p>Des espaces interactifs (espace contact ou commentaires) sont \u00e0 la disposition des utilisateurs.\u00a0<strong><span class=\"ff_dynamic_value\" data-ref=\"nom_proprietaire\" data-fallback=\"\">Association Garaz&#8217;igeri<\/span><\/strong>\u00a0se r\u00e9serve le droit de supprimer, sans mise en demeure pr\u00e9alable, tout contenu d\u00e9pos\u00e9 dans cet espace qui contreviendrait \u00e0 la l\u00e9gislation applicable en France, en particulier aux dispositions relatives \u00e0 la protection des donn\u00e9es.<\/p><p>Le cas \u00e9ch\u00e9ant,\u00a0<strong><span class=\"ff_dynamic_value\" data-ref=\"nom_proprietaire\" data-fallback=\"\">Association Garaz&#8217;igeri<\/span><\/strong>\u00a0se r\u00e9serve \u00e9galement la possibilit\u00e9 de mettre en cause la responsabilit\u00e9 civile et\/ou p\u00e9nale de l\u2019utilisateur, notamment en cas de message \u00e0 caract\u00e8re raciste, injurieux, diffamant, ou pornographique, quel que soit le support utilis\u00e9 (texte, photographie \u2026).<\/p><hr class=\"wp-block-separator\" \/><h2><span id=\"lwptoc23\">4 &#8211; CNIL et gestion des donn\u00e9es personnelles.<\/span><\/h2><p>Conform\u00e9ment aux dispositions de\u00a0<a href=\"https:\/\/www.legifrance.gouv.fr\/affichTexte.do?cidTexte=JORFTEXT000000886460\" target=\"_blank\" rel=\"noreferrer nofollow noopener\">la loi 78-17 du 6 janvier 1978 modifi\u00e9e<\/a>, l\u2019utilisateur du site <strong><span class=\"ff_dynamic_value\" data-ref=\"url\" data-fallback=\"\">www.garazigeri.com<\/span><\/strong>\u00a0dispose d\u2019un droit d\u2019acc\u00e8s, de modification et de suppression des informations collect\u00e9es. Pour exercer ce droit, envoyez un message \u00e0 notre D\u00e9l\u00e9gu\u00e9 \u00e0 la Protection des Donn\u00e9es :\u00a0<strong><span class=\"ff_dynamic_value\" data-ref=\"dpo\" data-fallback=\"\">Maite Larre<\/span><\/strong>\u00a0&#8211;\u00a0.<\/p><p>Pour plus d&#8217;informations sur la fa\u00e7on dont nous traitons vos donn\u00e9es (type de donn\u00e9es, finalit\u00e9, destinataire&#8230;), lisez notre <strong><span class=\"ff_dynamic_value\" data-ref=\"url\" data-fallback=\"\">www.garazigeri.com<\/span><\/strong>.<\/p><hr class=\"wp-block-separator\" \/><h2><span id=\"lwptoc24\">5 &#8211; Liens hypertextes et cookies<\/span><\/h2><p>Le site <strong><span class=\"ff_dynamic_value\" data-ref=\"url\" data-fallback=\"\">www.garazigeri.com<\/span><\/strong> contient des liens hypertextes vers d\u2019autres sites et d\u00e9gage toute responsabilit\u00e9 \u00e0 propos de ces liens externes ou des liens cr\u00e9\u00e9s par d\u2019autres sites vers <strong><span class=\"ff_dynamic_value\" data-ref=\"url\" data-fallback=\"\">www.garazigeri.com<\/span><\/strong>.<\/p><p>La navigation sur le site <strong><span class=\"ff_dynamic_value\" data-ref=\"url\" data-fallback=\"\">www.garazigeri.com<\/span><\/strong>\u00a0est susceptible de provoquer l\u2019installation de cookie(s) sur l\u2019ordinateur de l\u2019utilisateur.<\/p><p>Un &#8220;cookie&#8221; est un fichier de petite taille qui enregistre des informations relatives \u00e0 la navigation d\u2019un utilisateur sur un site. Les donn\u00e9es ainsi obtenues permettent d&#8217;obtenir des mesures de fr\u00e9quentation, par exemple.<\/p><p>Vous avez la possibilit\u00e9\u00a0<strong>d\u2019accepter ou de refuser les cookies<\/strong>\u00a0en modifiant les param\u00e8tres de votre navigateur. Aucun cookie ne sera d\u00e9pos\u00e9 sans votre consentement.<\/p><p>Les cookies sont enregistr\u00e9s pour une dur\u00e9e maximale de\u00a0<span class=\"ff_dynamic_value\" data-ref=\"cookies\" data-fallback=\"\">6<\/span>\u00a0mois.<\/p><p>\u00a0<\/p><hr class=\"wp-block-separator\" \/><h2><span id=\"lwptoc25\">6 &#8211; Droit applicable et attribution de juridiction.<\/span><\/h2><p>Tout litige en relation avec l\u2019utilisation du site <strong><span class=\"ff_dynamic_value\" data-ref=\"url\" data-fallback=\"\">www.garazigeri.com<\/span><\/strong>\u00a0est soumis au droit fran\u00e7ais. En dehors des cas o\u00f9 la loi ne le permet pas, il est fait attribution exclusive de juridiction aux tribunaux comp\u00e9tents de\u00a0.<\/p>\t\t\t\t\t\t\t\t<\/div>\n\t\t\t\t\t<\/div>\n\t\t\t\t<\/div>\n\t\t\t\t<\/div>\n\t\t","protected":false},"excerpt":{"rendered":"<p>1 &#8211; \u00c9dition du site En vertu de\u00a0l&#8217;article 6 de la loi n\u00b0 2004-575 du 21 juin 2004\u00a0pour la confiance dans l&#8217;\u00e9conomie num\u00e9rique, il est pr\u00e9cis\u00e9 aux utilisateurs du site internet\u00a0www.garazigeri.com\u00a0l&#8217;identit\u00e9 des diff\u00e9rents intervenants dans le cadre de sa r\u00e9alisation et de son suivi: Propri\u00e9taire du site :\u00a0Association Garaz&#8217;igeri Contact :\u00a0clubgarazigeri@gmail.com Adresse : Garaz&#8217;igeri Rue [&hellip;]<\/p>\n","protected":false},"author":1,"featured_media":0,"parent":0,"menu_order":0,"comment_status":"closed","ping_status":"closed","template":"","meta":{"_acf_changed":false,"footnotes":""},"class_list":["post-1176","page","type-page","status-publish","hentry"],"acf":[],"yoast_head":"<!-- This site is optimized with the Yoast SEO plugin v27.2 - https:\/\/yoast.com\/product\/yoast-seo-wordpress\/ -->\n<title>Lege oharrak &#183; Garaz&#039;igeri<\/title>\n<meta name=\"robots\" content=\"index, follow, max-snippet:-1, max-image-preview:large, max-video-preview:-1\" \/>\n<link rel=\"canonical\" href=\"https:\/\/garazigeri.com\/eu\/lege-oharrak\/\" \/>\n<meta property=\"og:locale\" content=\"en_US\" \/>\n<meta property=\"og:type\" content=\"article\" \/>\n<meta property=\"og:title\" content=\"Lege oharrak &#183; Garaz&#039;igeri\" \/>\n<meta property=\"og:description\" content=\"1 &#8211; \u00c9dition du site En vertu de\u00a0l&#8217;article 6 de la loi n\u00b0 2004-575 du 21 juin 2004\u00a0pour la confiance dans l&#8217;\u00e9conomie num\u00e9rique, il est pr\u00e9cis\u00e9 aux utilisateurs du site internet\u00a0www.garazigeri.com\u00a0l&#8217;identit\u00e9 des diff\u00e9rents intervenants dans le cadre de sa r\u00e9alisation et de son suivi: Propri\u00e9taire du site :\u00a0Association Garaz&#8217;igeri Contact :\u00a0clubgarazigeri@gmail.com Adresse : Garaz&#8217;igeri Rue [&hellip;]\" \/>\n<meta property=\"og:url\" content=\"https:\/\/garazigeri.com\/eu\/lege-oharrak\/\" \/>\n<meta property=\"og:site_name\" content=\"Garaz&#039;igeri\" \/>\n<meta property=\"article:publisher\" content=\"https:\/\/facebook.com\/garazigeri\" \/>\n<meta property=\"article:modified_time\" content=\"2026-03-25T15:20:24+00:00\" \/>\n<meta property=\"og:image\" content=\"https:\/\/garazigeri.com\/wp-content\/uploads\/2026\/03\/Garazigeri-club-de-natation-estivale-Garazi.jpg\" \/>\n\t<meta property=\"og:image:width\" content=\"2000\" \/>\n\t<meta property=\"og:image:height\" content=\"1125\" \/>\n\t<meta property=\"og:image:type\" content=\"image\/jpeg\" \/>\n<meta name=\"twitter:card\" content=\"summary_large_image\" \/>\n<meta name=\"twitter:label1\" content=\"Est. reading time\" \/>\n\t<meta name=\"twitter:data1\" content=\"4 minutua\" \/>\n<script type=\"application\/ld+json\" class=\"yoast-schema-graph\">{\"@context\":\"https:\/\/schema.org\",\"@graph\":[{\"@type\":\"WebPage\",\"@id\":\"https:\/\/garazigeri.com\/eu\/lege-oharrak\/\",\"url\":\"https:\/\/garazigeri.com\/eu\/lege-oharrak\/\",\"name\":\"Lege oharrak &#183; Garaz&#039;igeri\",\"isPartOf\":{\"@id\":\"https:\/\/garazigeri.com\/#website\"},\"datePublished\":\"2026-03-25T15:13:46+00:00\",\"dateModified\":\"2026-03-25T15:20:24+00:00\",\"breadcrumb\":{\"@id\":\"https:\/\/garazigeri.com\/eu\/lege-oharrak\/#breadcrumb\"},\"inLanguage\":\"eu\",\"potentialAction\":[{\"@type\":\"ReadAction\",\"target\":[\"https:\/\/garazigeri.com\/eu\/lege-oharrak\/\"]}]},{\"@type\":\"BreadcrumbList\",\"@id\":\"https:\/\/garazigeri.com\/eu\/lege-oharrak\/#breadcrumb\",\"itemListElement\":[{\"@type\":\"ListItem\",\"position\":1,\"name\":\"Accueil\",\"item\":\"https:\/\/garazigeri.com\/eu\/\"},{\"@type\":\"ListItem\",\"position\":2,\"name\":\"Lege oharrak\"}]},{\"@type\":\"WebSite\",\"@id\":\"https:\/\/garazigeri.com\/#website\",\"url\":\"https:\/\/garazigeri.com\/\",\"name\":\"Garaz'igeri\",\"description\":\"Club de natation estivale Garazi\",\"publisher\":{\"@id\":\"https:\/\/garazigeri.com\/#organization\"},\"alternateName\":\"Garazigeri\",\"potentialAction\":[{\"@type\":\"SearchAction\",\"target\":{\"@type\":\"EntryPoint\",\"urlTemplate\":\"https:\/\/garazigeri.com\/?s={search_term_string}\"},\"query-input\":{\"@type\":\"PropertyValueSpecification\",\"valueRequired\":true,\"valueName\":\"search_term_string\"}}],\"inLanguage\":\"eu\"},{\"@type\":\"Organization\",\"@id\":\"https:\/\/garazigeri.com\/#organization\",\"name\":\"Garaz'igeri\",\"alternateName\":\"garazigeri\",\"url\":\"https:\/\/garazigeri.com\/\",\"logo\":{\"@type\":\"ImageObject\",\"inLanguage\":\"eu\",\"@id\":\"https:\/\/garazigeri.com\/#\/schema\/logo\/image\/\",\"url\":\"https:\/\/garazigeri.com\/wp-content\/uploads\/2025\/12\/Garazigeri-logo.svg\",\"contentUrl\":\"https:\/\/garazigeri.com\/wp-content\/uploads\/2025\/12\/Garazigeri-logo.svg\",\"width\":238,\"height\":83,\"caption\":\"Garaz'igeri\"},\"image\":{\"@id\":\"https:\/\/garazigeri.com\/#\/schema\/logo\/image\/\"},\"sameAs\":[\"https:\/\/facebook.com\/garazigeri\",\"https:\/\/www.instagram.com\/garazigeri\"]}]}<\/script>\n<!-- \/ Yoast SEO plugin. -->","yoast_head_json":{"title":"Lege oharrak &#183; Garaz&#039;igeri","robots":{"index":"index","follow":"follow","max-snippet":"max-snippet:-1","max-image-preview":"max-image-preview:large","max-video-preview":"max-video-preview:-1"},"canonical":"https:\/\/garazigeri.com\/eu\/lege-oharrak\/","og_locale":"en_US","og_type":"article","og_title":"Lege oharrak &#183; Garaz&#039;igeri","og_description":"1 &#8211; \u00c9dition du site En vertu de\u00a0l&#8217;article 6 de la loi n\u00b0 2004-575 du 21 juin 2004\u00a0pour la confiance dans l&#8217;\u00e9conomie num\u00e9rique, il est pr\u00e9cis\u00e9 aux utilisateurs du site internet\u00a0www.garazigeri.com\u00a0l&#8217;identit\u00e9 des diff\u00e9rents intervenants dans le cadre de sa r\u00e9alisation et de son suivi: Propri\u00e9taire du site :\u00a0Association Garaz&#8217;igeri Contact :\u00a0clubgarazigeri@gmail.com Adresse : Garaz&#8217;igeri Rue [&hellip;]","og_url":"https:\/\/garazigeri.com\/eu\/lege-oharrak\/","og_site_name":"Garaz&#039;igeri","article_publisher":"https:\/\/facebook.com\/garazigeri","article_modified_time":"2026-03-25T15:20:24+00:00","og_image":[{"width":2000,"height":1125,"url":"https:\/\/garazigeri.com\/wp-content\/uploads\/2026\/03\/Garazigeri-club-de-natation-estivale-Garazi.jpg","type":"image\/jpeg"}],"twitter_card":"summary_large_image","twitter_misc":{"Est. reading time":"4 minutua"},"schema":{"@context":"https:\/\/schema.org","@graph":[{"@type":"WebPage","@id":"https:\/\/garazigeri.com\/eu\/lege-oharrak\/","url":"https:\/\/garazigeri.com\/eu\/lege-oharrak\/","name":"Lege oharrak &#183; Garaz&#039;igeri","isPartOf":{"@id":"https:\/\/garazigeri.com\/#website"},"datePublished":"2026-03-25T15:13:46+00:00","dateModified":"2026-03-25T15:20:24+00:00","breadcrumb":{"@id":"https:\/\/garazigeri.com\/eu\/lege-oharrak\/#breadcrumb"},"inLanguage":"eu","potentialAction":[{"@type":"ReadAction","target":["https:\/\/garazigeri.com\/eu\/lege-oharrak\/"]}]},{"@type":"BreadcrumbList","@id":"https:\/\/garazigeri.com\/eu\/lege-oharrak\/#breadcrumb","itemListElement":[{"@type":"ListItem","position":1,"name":"Accueil","item":"https:\/\/garazigeri.com\/eu\/"},{"@type":"ListItem","position":2,"name":"Lege oharrak"}]},{"@type":"WebSite","@id":"https:\/\/garazigeri.com\/#website","url":"https:\/\/garazigeri.com\/","name":"Garaz'igeri","description":"Club de natation estivale Garazi","publisher":{"@id":"https:\/\/garazigeri.com\/#organization"},"alternateName":"Garazigeri","potentialAction":[{"@type":"SearchAction","target":{"@type":"EntryPoint","urlTemplate":"https:\/\/garazigeri.com\/?s={search_term_string}"},"query-input":{"@type":"PropertyValueSpecification","valueRequired":true,"valueName":"search_term_string"}}],"inLanguage":"eu"},{"@type":"Organization","@id":"https:\/\/garazigeri.com\/#organization","name":"Garaz'igeri","alternateName":"garazigeri","url":"https:\/\/garazigeri.com\/","logo":{"@type":"ImageObject","inLanguage":"eu","@id":"https:\/\/garazigeri.com\/#\/schema\/logo\/image\/","url":"https:\/\/garazigeri.com\/wp-content\/uploads\/2025\/12\/Garazigeri-logo.svg","contentUrl":"https:\/\/garazigeri.com\/wp-content\/uploads\/2025\/12\/Garazigeri-logo.svg","width":238,"height":83,"caption":"Garaz'igeri"},"image":{"@id":"https:\/\/garazigeri.com\/#\/schema\/logo\/image\/"},"sameAs":["https:\/\/facebook.com\/garazigeri","https:\/\/www.instagram.com\/garazigeri"]}]}},"_links":{"self":[{"href":"https:\/\/garazigeri.com\/eu\/wp-json\/wp\/v2\/pages\/1176","targetHints":{"allow":["GET"]}}],"collection":[{"href":"https:\/\/garazigeri.com\/eu\/wp-json\/wp\/v2\/pages"}],"about":[{"href":"https:\/\/garazigeri.com\/eu\/wp-json\/wp\/v2\/types\/page"}],"author":[{"embeddable":true,"href":"https:\/\/garazigeri.com\/eu\/wp-json\/wp\/v2\/users\/1"}],"replies":[{"embeddable":true,"href":"https:\/\/garazigeri.com\/eu\/wp-json\/wp\/v2\/comments?post=1176"}],"version-history":[{"count":1,"href":"https:\/\/garazigeri.com\/eu\/wp-json\/wp\/v2\/pages\/1176\/revisions"}],"predecessor-version":[{"id":1178,"href":"https:\/\/garazigeri.com\/eu\/wp-json\/wp\/v2\/pages\/1176\/revisions\/1178"}],"wp:attachment":[{"href":"https:\/\/garazigeri.com\/eu\/wp-json\/wp\/v2\/media?parent=1176"}],"curies":[{"name":"wp","href":"https:\/\/api.w.org\/{rel}","templated":true}]}}